{"id":160,"date":"2026-04-19T18:11:12","date_gmt":"2026-04-19T16:11:12","guid":{"rendered":"http:\/\/festiwalove.com\/?page_id=160"},"modified":"2026-04-19T18:40:12","modified_gmt":"2026-04-19T16:40:12","slug":"kontakt","status":"publish","type":"page","link":"https:\/\/festiwalove.com\/?page_id=160","title":{"rendered":"Kontakt"},"content":{"rendered":"<p>[et_pb_section fb_built=&#8221;1&#8243; admin_label=&#8221;Header&#8221; _builder_version=&#8221;4.27.4&#8243; _module_preset=&#8221;default&#8221; use_background_color_gradient=&#8221;on&#8221; background_color_gradient_stops=&#8221;rgba(31,35,44,0.61) 0%|gcid-9fa4a1b6-767d-41ca-984c-a6f10449c843 76%&#8221; background_color_gradient_overlays_image=&#8221;on&#8221; background_image=&#8221;http:\/\/festiwalove.com\/wp-content\/uploads\/2026\/04\/3850bead-4da1-4ae7-9f2b-7e463ba9d348.png&#8221; custom_padding=&#8221;2vw||2vw||true|false&#8221; hover_enabled=&#8221;0&#8243; collapsed=&#8221;on&#8221; global_colors_info=&#8221;{%22gcid-9fa4a1b6-767d-41ca-984c-a6f10449c843%22:%91%22background_color_gradient_stops%22%93}&#8221; theme_builder_area=&#8221;post_content&#8221; sticky_enabled=&#8221;0&#8243;][et_pb_row _builder_version=&#8221;4.27.4&#8243; _module_preset=&#8221;default&#8221; width=&#8221;89%&#8221; max_width=&#8221;1022px&#8221; global_colors_info=&#8221;{}&#8221; theme_builder_area=&#8221;post_content&#8221;][et_pb_column type=&#8221;4_4&#8243; _builder_version=&#8221;4.20.0&#8243; _module_preset=&#8221;default&#8221; global_colors_info=&#8221;{}&#8221; theme_builder_area=&#8221;post_content&#8221;][et_pb_image src=&#8221;http:\/\/festiwalove.com\/wp-content\/uploads\/2026\/03\/festiwalove-organizator-jarmarkow-i-festiwali.png&#8221; title_text=&#8221;festiwalove &#8211; organizator jarmark\u00f3w i festiwali&#8221; align=&#8221;center&#8221; _builder_version=&#8221;4.27.4&#8243; _module_preset=&#8221;default&#8221; custom_margin=&#8221;0px||0px||false|false&#8221; custom_padding=&#8221;0px||0px||false|false&#8221; global_colors_info=&#8221;{}&#8221; theme_builder_area=&#8221;post_content&#8221;][\/et_pb_image][et_pb_image src=&#8221;http:\/\/festiwalove.com\/wp-content\/uploads\/2026\/03\/attorney-1.png&#8221; title_text=&#8221;attorney-1&#8243; _builder_version=&#8221;4.20.0&#8243; _module_preset=&#8221;default&#8221; max_width=&#8221;130px&#8221; module_alignment=&#8221;center&#8221; global_colors_info=&#8221;{}&#8221; theme_builder_area=&#8221;post_content&#8221;][\/et_pb_image][et_pb_text _builder_version=&#8221;4.27.4&#8243; _module_preset=&#8221;50c417dc-26b4-4230-8593-0bb3241c8ef1&#8243; header_font=&#8221;Poppins|600|||||||&#8221; header_text_color=&#8221;#FFFFFF&#8221; header_font_size=&#8221;52px&#8221; header_2_font=&#8221;Poppins|700|||||||&#8221; text_orientation=&#8221;center&#8221; animation_style=&#8221;slide&#8221; animation_direction=&#8221;left&#8221; animation_duration=&#8221;450ms&#8221; global_colors_info=&#8221;{}&#8221; theme_builder_area=&#8221;post_content&#8221;]<\/p>\n<h1>Specjali\u015bci od wydarze\u0144 plenerowych.<\/h1>\n<p>[\/et_pb_text][et_pb_text _builder_version=&#8221;4.27.4&#8243; _module_preset=&#8221;c1e46a1a-2b08-4984-84a9-5d4ed4197394&#8243; text_font=&#8221;||||||||&#8221; header_3_font=&#8221;Poppins||||||||&#8221; header_3_text_color=&#8221;#FFFFFF&#8221; header_3_font_size=&#8221;23px&#8221; header_5_text_color=&#8221;#FFFFFF&#8221; text_orientation=&#8221;center&#8221; global_colors_info=&#8221;{}&#8221; theme_builder_area=&#8221;post_content&#8221;]<\/p>\n<h3>Festiwale, jarmarki i wydarzenia pe\u0142ne emocji, sztuki i kultury dla ca\u0142ych rodzin.<\/h3>\n<p>[\/et_pb_text][\/et_pb_column][\/et_pb_row][\/et_pb_section][et_pb_section fb_built=&#8221;1&#8243; admin_label=&#8221;Header &#038; Contact&#8221; _builder_version=&#8221;4.25.1&#8243; _module_preset=&#8221;default&#8221; background_color=&#8221;gcid-695690f7-1400-435d-ab5d-81e5d8a43692&#8243; collapsed=&#8221;on&#8221; global_colors_info=&#8221;{%22gcid-695690f7-1400-435d-ab5d-81e5d8a43692%22:%91%22background_color%22%93}&#8221;][et_pb_row column_structure=&#8221;1_2,1_2&#8243; _builder_version=&#8221;4.27.4&#8243; _module_preset=&#8221;default&#8221; global_colors_info=&#8221;{}&#8221;][et_pb_column type=&#8221;1_2&#8243; _builder_version=&#8221;4.25.1&#8243; _module_preset=&#8221;default&#8221; global_colors_info=&#8221;{}&#8221;][et_pb_heading title=&#8221;Kontakt&#8221; _builder_version=&#8221;4.27.4&#8243; _module_preset=&#8221;887a4636-e66f-49ab-b905-c261118ac42a&#8221; title_font=&#8221;Poppins|700|||||||&#8221; title_font_size=&#8221;55px&#8221; custom_margin=&#8221;||10px||false|false&#8221; hover_enabled=&#8221;0&#8243; locked=&#8221;off&#8221; global_colors_info=&#8221;{}&#8221; title_text_color=&#8221;#000377&#8243; sticky_enabled=&#8221;0&#8243;][\/et_pb_heading][et_pb_text _builder_version=&#8221;4.27.4&#8243; _module_preset=&#8221;baf9123b-5790-4a2b-97a6-f926022a8103&#8243; locked=&#8221;off&#8221; global_colors_info=&#8221;{}&#8221;]Tworzysz wyj\u0105tkowe produkty? Prowadzisz mark\u0119, r\u0119kodzie\u0142o lub gastronomi\u0119? Do\u0142\u0105cz do naszych wydarze\u0144 i zaprezentuj si\u0119 szerokiej publiczno\u015bci!<\/p>\n<p>\ud83d\udce9 Wype\u0142nij formularz kontaktowy lub napisz do nas, aby otrzyma\u0107 szczeg\u00f3\u0142y i zarezerwowa\u0107 miejsce.[\/et_pb_text][et_pb_heading title=&#8221;Telefon&#8221; _builder_version=&#8221;4.27.4&#8243; _module_preset=&#8221;fb7e981f-e24d-434e-890d-e693894b2174&#8243; custom_margin=&#8221;||-5px||false|false&#8221; hover_enabled=&#8221;0&#8243; locked=&#8221;off&#8221; global_colors_info=&#8221;{}&#8221; title_level=&#8221;h3&#8243; title_font=&#8221;Poppins|700|||||||&#8221; title_text_color=&#8221;#f40082&#8243; title_font_size=&#8221;20px&#8221; sticky_enabled=&#8221;0&#8243;][\/et_pb_heading][et_pb_text _builder_version=&#8221;4.27.4&#8243; _module_preset=&#8221;50e485a9-e70e-4ac8-b02b-40dff364ac4a&#8221; link_text_color=&#8221;gcid-heading-color&#8221; hover_enabled=&#8221;0&#8243; locked=&#8221;off&#8221; global_colors_info=&#8221;{%22gcid-672c49ec-b8cc-4f22-a785-dec4ee1498c5%22:%91%22quote_text_color%22,%22quote_border_color%22,%22quote_text_color%22,%22quote_border_color%22,%22quote_text_color%22,%22quote_border_color%22,%22quote_text_color%22,%22quote_border_color%22%93,%22gcid-heading-color%22:%91%22link_text_color%22%93}&#8221; text_font_size=&#8221;15px&#8221; text_text_color=&#8221;#000d77&#8243; sticky_enabled=&#8221;0&#8243;]780 727 776[\/et_pb_text][et_pb_heading title=&#8221;E-mail&#8221; _builder_version=&#8221;4.27.4&#8243; _module_preset=&#8221;fb7e981f-e24d-434e-890d-e693894b2174&#8243; custom_margin=&#8221;||-5px||false|false&#8221; hover_enabled=&#8221;0&#8243; locked=&#8221;off&#8221; global_colors_info=&#8221;{}&#8221; title_level=&#8221;h3&#8243; title_font=&#8221;Poppins|700|||||||&#8221; title_font_size=&#8221;20px&#8221; title_text_color=&#8221;#f40082&#8243; sticky_enabled=&#8221;0&#8243;][\/et_pb_heading][et_pb_text _builder_version=&#8221;4.27.4&#8243; _module_preset=&#8221;50e485a9-e70e-4ac8-b02b-40dff364ac4a&#8221; link_text_color=&#8221;gcid-heading-color&#8221; hover_enabled=&#8221;0&#8243; locked=&#8221;off&#8221; global_colors_info=&#8221;{%22gcid-672c49ec-b8cc-4f22-a785-dec4ee1498c5%22:%91%22quote_text_color%22,%22quote_border_color%22,%22quote_text_color%22,%22quote_border_color%22,%22quote_text_color%22,%22quote_border_color%22,%22quote_text_color%22,%22quote_border_color%22%93,%22gcid-heading-color%22:%91%22link_text_color%22%93}&#8221; text_text_color=&#8221;#000d77&#8243; text_font_size=&#8221;15px&#8221; sticky_enabled=&#8221;0&#8243;]<a href=\"mailto:organizacja@festiwalove.com\">organizacja@festiwalove.com<\/a>[\/et_pb_text][\/et_pb_column][et_pb_column type=&#8221;1_2&#8243; _builder_version=&#8221;4.27.4&#8243; _module_preset=&#8221;default&#8221; background_color=&#8221;#FFFFFF&#8221; custom_padding=&#8221;40px|40px|40px|40px|true|true&#8221; custom_padding_tablet=&#8221;30px|30px|30px|30px|true|true&#8221; custom_padding_phone=&#8221;20px|20px|20px|20px|true|true&#8221; custom_padding_last_edited=&#8221;on|desktop&#8221; border_radii=&#8221;on|19px|19px|19px|19px&#8221; box_shadow_style=&#8221;preset1&#8243; box_shadow_spread=&#8221;-4px&#8221; global_colors_info=&#8221;{}&#8221;][et_pb_contact_form captcha=&#8221;off&#8221; submit_button_text=&#8221;Wy\u015blij&#8221; _builder_version=&#8221;4.27.4&#8243; _module_preset=&#8221;0bb5c650-83a2-49bd-8227-884e0aef11dc&#8221; hover_enabled=&#8221;0&#8243; locked=&#8221;off&#8221; global_colors_info=&#8221;{%22gcid-695690f7-1400-435d-ab5d-81e5d8a43692%22:%91%22border_color_all%22%93,%22gcid-0ec00ca9-ec06-4784-a057-5ece2d56f250%22:%91%22button_bg_color__hover%22,%22button_bg_color__hover%22%93}&#8221; button_bg_color=&#8221;#000a7a&#8221; button_bg_enable_color=&#8221;on&#8221; button_border_radius=&#8221;13px&#8221; sticky_enabled=&#8221;0&#8243; form_field_text_color=&#8221;#f72096&#8243;][et_pb_contact_field field_id=&#8221;Name&#8221; field_title=&#8221;Imi\u0119&#8221; fullwidth_field=&#8221;on&#8221; _builder_version=&#8221;4.27.4&#8243; _module_preset=&#8221;default&#8221; global_colors_info=&#8221;{}&#8221; button_text_size__hover_enabled=&#8221;off&#8221; button_one_text_size__hover_enabled=&#8221;off&#8221; button_two_text_size__hover_enabled=&#8221;off&#8221; button_text_color__hover_enabled=&#8221;off&#8221; button_one_text_color__hover_enabled=&#8221;off&#8221; button_two_text_color__hover_enabled=&#8221;off&#8221; button_border_width__hover_enabled=&#8221;off&#8221; button_one_border_width__hover_enabled=&#8221;off&#8221; button_two_border_width__hover_enabled=&#8221;off&#8221; button_border_color__hover_enabled=&#8221;off&#8221; button_one_border_color__hover_enabled=&#8221;off&#8221; button_two_border_color__hover_enabled=&#8221;off&#8221; button_border_radius__hover_enabled=&#8221;off&#8221; button_one_border_radius__hover_enabled=&#8221;off&#8221; button_two_border_radius__hover_enabled=&#8221;off&#8221; button_letter_spacing__hover_enabled=&#8221;off&#8221; button_one_letter_spacing__hover_enabled=&#8221;off&#8221; button_two_letter_spacing__hover_enabled=&#8221;off&#8221; button_bg_color__hover_enabled=&#8221;off&#8221; button_one_bg_color__hover_enabled=&#8221;off&#8221; button_two_bg_color__hover_enabled=&#8221;off&#8221;][\/et_pb_contact_field][et_pb_contact_field field_id=&#8221;Email&#8221; field_title=&#8221;E-mail&#8221; field_type=&#8221;email&#8221; fullwidth_field=&#8221;on&#8221; _builder_version=&#8221;4.27.4&#8243; _module_preset=&#8221;default&#8221; global_colors_info=&#8221;{}&#8221; button_text_size__hover_enabled=&#8221;off&#8221; button_one_text_size__hover_enabled=&#8221;off&#8221; button_two_text_size__hover_enabled=&#8221;off&#8221; button_text_color__hover_enabled=&#8221;off&#8221; button_one_text_color__hover_enabled=&#8221;off&#8221; button_two_text_color__hover_enabled=&#8221;off&#8221; button_border_width__hover_enabled=&#8221;off&#8221; button_one_border_width__hover_enabled=&#8221;off&#8221; button_two_border_width__hover_enabled=&#8221;off&#8221; button_border_color__hover_enabled=&#8221;off&#8221; button_one_border_color__hover_enabled=&#8221;off&#8221; button_two_border_color__hover_enabled=&#8221;off&#8221; button_border_radius__hover_enabled=&#8221;off&#8221; button_one_border_radius__hover_enabled=&#8221;off&#8221; button_two_border_radius__hover_enabled=&#8221;off&#8221; button_letter_spacing__hover_enabled=&#8221;off&#8221; button_one_letter_spacing__hover_enabled=&#8221;off&#8221; button_two_letter_spacing__hover_enabled=&#8221;off&#8221; button_bg_color__hover_enabled=&#8221;off&#8221; button_one_bg_color__hover_enabled=&#8221;off&#8221; button_two_bg_color__hover_enabled=&#8221;off&#8221;][\/et_pb_contact_field][et_pb_contact_field field_id=&#8221;Message&#8221; field_title=&#8221;Wiadomo\u015b\u0107&#8221; field_type=&#8221;text&#8221; fullwidth_field=&#8221;on&#8221; _builder_version=&#8221;4.27.4&#8243; _module_preset=&#8221;default&#8221; global_colors_info=&#8221;{}&#8221; button_text_size__hover_enabled=&#8221;off&#8221; button_one_text_size__hover_enabled=&#8221;off&#8221; button_two_text_size__hover_enabled=&#8221;off&#8221; button_text_color__hover_enabled=&#8221;off&#8221; button_one_text_color__hover_enabled=&#8221;off&#8221; button_two_text_color__hover_enabled=&#8221;off&#8221; button_border_width__hover_enabled=&#8221;off&#8221; button_one_border_width__hover_enabled=&#8221;off&#8221; button_two_border_width__hover_enabled=&#8221;off&#8221; button_border_color__hover_enabled=&#8221;off&#8221; button_one_border_color__hover_enabled=&#8221;off&#8221; button_two_border_color__hover_enabled=&#8221;off&#8221; button_border_radius__hover_enabled=&#8221;off&#8221; button_one_border_radius__hover_enabled=&#8221;off&#8221; button_two_border_radius__hover_enabled=&#8221;off&#8221; button_letter_spacing__hover_enabled=&#8221;off&#8221; button_one_letter_spacing__hover_enabled=&#8221;off&#8221; button_two_letter_spacing__hover_enabled=&#8221;off&#8221; button_bg_color__hover_enabled=&#8221;off&#8221; button_one_bg_color__hover_enabled=&#8221;off&#8221; button_two_bg_color__hover_enabled=&#8221;off&#8221;][\/et_pb_contact_field][\/et_pb_contact_form][\/et_pb_column][\/et_pb_row][\/et_pb_section]<\/p>\n","protected":false},"excerpt":{"rendered":"<p>Specjali\u015bci od wydarze\u0144 plenerowych.Festiwale, jarmarki i wydarzenia pe\u0142ne emocji, sztuki i kultury dla ca\u0142ych rodzin.Tworzysz wyj\u0105tkowe produkty? Prowadzisz mark\u0119, r\u0119kodzie\u0142o lub gastronomi\u0119? Do\u0142\u0105cz do naszych wydarze\u0144 i zaprezentuj si\u0119 szerokiej publiczno\u015bci! \ud83d\udce9 Wype\u0142nij formularz kontaktowy lub napisz do nas, aby otrzyma\u0107 szczeg\u00f3\u0142y i zarezerwowa\u0107 miejsce.780 727 776organizacja@festiwalove.com<\/p>\n","protected":false},"author":1,"featured_media":0,"parent":0,"menu_order":0,"comment_status":"closed","ping_status":"closed","template":"","meta":{"_et_pb_use_builder":"on","_et_pb_old_content":"","_et_gb_content_width":"","footnotes":""},"class_list":["post-160","page","type-page","status-publish","hentry"],"_links":{"self":[{"href":"https:\/\/festiwalove.com\/index.php?rest_route=\/wp\/v2\/pages\/160","targetHints":{"allow":["GET"]}}],"collection":[{"href":"https:\/\/festiwalove.com\/index.php?rest_route=\/wp\/v2\/pages"}],"about":[{"href":"https:\/\/festiwalove.com\/index.php?rest_route=\/wp\/v2\/types\/page"}],"author":[{"embeddable":true,"href":"https:\/\/festiwalove.com\/index.php?rest_route=\/wp\/v2\/users\/1"}],"replies":[{"embeddable":true,"href":"https:\/\/festiwalove.com\/index.php?rest_route=%2Fwp%2Fv2%2Fcomments&post=160"}],"version-history":[{"count":7,"href":"https:\/\/festiwalove.com\/index.php?rest_route=\/wp\/v2\/pages\/160\/revisions"}],"predecessor-version":[{"id":179,"href":"https:\/\/festiwalove.com\/index.php?rest_route=\/wp\/v2\/pages\/160\/revisions\/179"}],"wp:attachment":[{"href":"https:\/\/festiwalove.com\/index.php?rest_route=%2Fwp%2Fv2%2Fmedia&parent=160"}],"curies":[{"name":"wp","href":"https:\/\/api.w.org\/{rel}","templated":true}]}}