{"id":6,"date":"2026-04-19T13:48:32","date_gmt":"2026-04-19T11:48:32","guid":{"rendered":"http:\/\/festiwalove.com\/?page_id=6"},"modified":"2026-04-19T17:05:13","modified_gmt":"2026-04-19T15:05:13","slug":"o-nas-2","status":"publish","type":"page","link":"https:\/\/festiwalove.com\/?page_id=6","title":{"rendered":"O nas"},"content":{"rendered":"<p>[et_pb_section fb_built=&#8221;1&#8243; admin_label=&#8221;Our Mission&#8221; _builder_version=&#8221;4.27.4&#8243; _module_preset=&#8221;b205c685-c50a-4b6b-8c8c-af40f9469ccb&#8221; custom_margin=&#8221;||||false&#8221; custom_padding=&#8221;2vw||2vw||true|false&#8221; collapsed=&#8221;on&#8221; global_colors_info=&#8221;{}&#8221;][et_pb_row _builder_version=&#8221;4.27.4&#8243; _module_preset=&#8221;default&#8221; max_width=&#8221;1102px&#8221; hover_enabled=&#8221;0&#8243; global_colors_info=&#8221;{}&#8221; sticky_enabled=&#8221;0&#8243;][et_pb_column type=&#8221;4_4&#8243; _builder_version=&#8221;4.25.1&#8243; _module_preset=&#8221;default&#8221; global_colors_info=&#8221;{}&#8221;][et_pb_text _builder_version=&#8221;4.27.4&#8243; _module_preset=&#8221;default&#8221; header_font=&#8221;Poppins|700|||||||&#8221; header_text_color=&#8221;#ff8c00&#8243; header_font_size=&#8221;60px&#8221; hover_enabled=&#8221;0&#8243; global_colors_info=&#8221;{}&#8221; text_text_color=&#8221;#FFFFFF&#8221; text_font=&#8221;Poppins||||||||&#8221; text_font_size=&#8221;16px&#8221; sticky_enabled=&#8221;0&#8243;]<\/p>\n<h1 style=\"text-align: left;\">O nas<\/h1>\n<div class=\"et_pb_module et_pb_text et_pb_text_15  et_pb_text_align_left et_pb_bg_layout_light\">\n<div class=\"et_pb_text_inner\">\n<p style=\"text-align: justify;\">Festiwalove to marka zrodzona z pasji do tworzenia wydarze\u0144, kt\u00f3re o\u017cywiaj\u0105 przestrzenie miejskie i zbli\u017caj\u0105 ludzi. Fundamentem naszej dzia\u0142alno\u015bci jest mi\u0142o\u015b\u0107 do kultury, sztuki i spotka\u0144 \u2013 tych prawdziwych, pe\u0142nych emocji, rozm\u00f3w i wsp\u00f3lnie prze\u017cywanych chwil.<\/p>\n<p style=\"text-align: justify;\">Specjalizujemy si\u0119 w organizacji wydarze\u0144 plenerowych o charakterze kulturalnym, rozrywkowym i spo\u0142ecznym. Tworzymy festiwale, pikniki, jarmarki, wydarzenia gastronomiczne oraz artystyczne, kt\u00f3re s\u0105 otwarte, r\u00f3\u017cnorodne i dost\u0119pne dla ka\u017cdego. Nasze realizacje staj\u0105 si\u0119 przestrzeni\u0105 dialogu, integracji oraz autentycznego kontaktu z muzyk\u0105, sztuk\u0105 i lokaln\u0105 tw\u00f3rczo\u015bci\u0105.<\/p>\n<p style=\"text-align: justify;\">Ka\u017cde wydarzenie traktujemy jak opowie\u015b\u0107 \u2013 starannie komponowan\u0105 z detali, emocji i atmosfery. Dbamy o to, aby zar\u00f3wno arty\u015bci, wystawcy, jak i uczestnicy czuli si\u0119 cz\u0119\u015bci\u0105 czego\u015b wyj\u0105tkowego. Wierzymy, \u017ce dobrze zaprojektowane wydarzenie ma moc wzmacniania wi\u0119zi spo\u0142ecznych i realnego wp\u0142ywu na jako\u015b\u0107 \u017cycia lokalnych spo\u0142eczno\u015bci.<\/p>\n<p style=\"text-align: justify;\">Nasz\u0105 si\u0142\u0105 jest do\u015bwiadczenie, wiedza oraz zaanga\u017cowany zesp\u00f3\u0142, kt\u00f3ry z dba\u0142o\u015bci\u0105 o ka\u017cdy szczeg\u00f3\u0142 realizuje nawet najbardziej wymagaj\u0105ce projekty. \u0141\u0105czymy profesjonalne podej\u015bcie z otwarto\u015bci\u0105 na nowe pomys\u0142y i inspiracje, dzi\u0119ki czemu tworzone przez nas wydarzenia s\u0105 \u015bwie\u017ce, niepowtarzalne i zapadaj\u0105ce w pami\u0119\u0107.<br \/>Festiwalove to nie tylko organizacja imprez \u2013 to sztuka tworzenia chwil, kt\u00f3re zostaj\u0105 z uczestnikami na d\u0142ugo po zako\u0144czeniu wydarzenia.<\/p>\n<\/div>\n<\/div>\n<p>[\/et_pb_text][et_pb_text _builder_version=&#8221;4.27.4&#8243; _module_preset=&#8221;default&#8221; header_font=&#8221;Poppins|700|||||||&#8221; header_text_color=&#8221;#ff8c00&#8243; header_font_size=&#8221;60px&#8221; header_3_font=&#8221;Poppins|700|||||||&#8221; header_3_text_color=&#8221;#f42261&#8243; header_3_font_size=&#8221;31px&#8221; global_colors_info=&#8221;{}&#8221;]<\/p>\n<h3 style=\"text-align: left;\"><\/h3>\n<h3 style=\"text-align: left;\"><\/h3>\n<h3 style=\"text-align: left;\">Jeste\u015bmy partnerem wydarze\u0144:<\/h3>\n<p>[\/et_pb_text][\/et_pb_column][\/et_pb_row][et_pb_row column_structure=&#8221;1_3,1_3,1_3&#8243; make_equal=&#8221;on&#8221; _builder_version=&#8221;4.27.4&#8243; _module_preset=&#8221;default&#8221; custom_padding=&#8221;0px||||false|false&#8221; hover_enabled=&#8221;0&#8243; global_colors_info=&#8221;{}&#8221; max_width=&#8221;1102px&#8221; sticky_enabled=&#8221;0&#8243;][et_pb_column type=&#8221;1_3&#8243; _builder_version=&#8221;4.25.1&#8243; _module_preset=&#8221;default&#8221; global_colors_info=&#8221;{}&#8221;][et_pb_image src=&#8221;http:\/\/festiwalove.com\/wp-content\/uploads\/2026\/04\/Wielka-Majowka-tarnow-Rynek.jpg&#8221; title_text=&#8221;Wielka Maj\u00f3wka, tarn\u00f3w, Rynek&#8221; _builder_version=&#8221;4.27.4&#8243; _module_preset=&#8221;0bea185d-9ae7-48f1-aa53-f4021ac7d616&#8243; global_colors_info=&#8221;{}&#8221;][\/et_pb_image][\/et_pb_column][et_pb_column type=&#8221;1_3&#8243; _builder_version=&#8221;4.25.1&#8243; _module_preset=&#8221;default&#8221; global_colors_info=&#8221;{}&#8221;][et_pb_image src=&#8221;http:\/\/festiwalove.com\/wp-content\/uploads\/2026\/04\/Pultusk-Festiwal-Smaku-i-Tradycji.jpg&#8221; title_text=&#8221;Pu\u0142tusk Festiwal Smaku i Tradycji&#8221; _builder_version=&#8221;4.27.4&#8243; _module_preset=&#8221;0bea185d-9ae7-48f1-aa53-f4021ac7d616&#8243; global_colors_info=&#8221;{}&#8221;][\/et_pb_image][\/et_pb_column][et_pb_column type=&#8221;1_3&#8243; _builder_version=&#8221;4.25.1&#8243; _module_preset=&#8221;default&#8221; global_colors_info=&#8221;{}&#8221;][et_pb_image src=&#8221;http:\/\/festiwalove.com\/wp-content\/uploads\/2026\/04\/krakow-plakat-jarmark-smaku-i-tradycji.jpg&#8221; title_text=&#8221;krak\u00f3w plakat jarmark smaku i tradycji&#8221; _builder_version=&#8221;4.27.4&#8243; _module_preset=&#8221;0bea185d-9ae7-48f1-aa53-f4021ac7d616&#8243; global_colors_info=&#8221;{}&#8221;][\/et_pb_image][\/et_pb_column][\/et_pb_row][\/et_pb_section][et_pb_section fb_built=&#8221;1&#8243; admin_label=&#8221;Call to Action&#8221; _builder_version=&#8221;4.27.4&#8243; _module_preset=&#8221;8943c6f2-146f-4f91-ab35-d42448fd635c&#8221; background_enable_color=&#8221;off&#8221; background_image=&#8221;http:\/\/festiwalove.com\/wp-content\/uploads\/2026\/04\/non-profit-02.jpg&#8221; parallax=&#8221;on&#8221; custom_margin=&#8221;||||false&#8221; custom_padding=&#8221;8vw||8vw||true|false&#8221; hover_enabled=&#8221;0&#8243; collapsed=&#8221;on&#8221; global_colors_info=&#8221;{}&#8221; disabled_on=&#8221;on|on|on&#8221; disabled=&#8221;on&#8221; sticky_enabled=&#8221;0&#8243;][et_pb_row column_structure=&#8221;1_2,1_2&#8243; _builder_version=&#8221;4.25.2&#8243; _module_preset=&#8221;default&#8221; global_colors_info=&#8221;{}&#8221;][et_pb_column type=&#8221;1_2&#8243; _builder_version=&#8221;4.25.2&#8243; _module_preset=&#8221;85527845-37f5-4e99-bc1e-abfeb4e92d9b&#8221; global_colors_info=&#8221;{%22gcid-1f1b4e15-7cc6-4e13-8154-74d77a956460%22:%91%22background_color%22%93}&#8221;][et_pb_heading title=&#8221;100% of Donations Fund Clean and Safe Drinking Water&#8221; _builder_version=&#8221;4.25.2&#8243; _module_preset=&#8221;bb219abb-4d8b-41ef-aee8-fd6a76ff95ad&#8221; title_text_align=&#8221;center&#8221; title_text_color=&#8221;#FFFFFF&#8221; custom_margin=&#8221;||10px||false|false&#8221; global_colors_info=&#8221;{}&#8221;][\/et_pb_heading][et_pb_text _builder_version=&#8221;4.25.1&#8243; _module_preset=&#8221;5d6eda4a-2278-4263-8820-29ce576e9139&#8243; text_orientation=&#8221;center&#8221; global_colors_info=&#8221;{}&#8221;]Join us in preserving marine ecosystems for a sustainable future. Join us in preserving marine ecosystems for a sustainable future.[\/et_pb_text][et_pb_button button_text=&#8221;Donate Now&#8221; button_alignment=&#8221;center&#8221; _builder_version=&#8221;4.25.1&#8243; _module_preset=&#8221;d343f09e-5ac5-4e12-b260-4b67c5e8aecc&#8221; global_colors_info=&#8221;{}&#8221;][\/et_pb_button][\/et_pb_column][et_pb_column type=&#8221;1_2&#8243; _builder_version=&#8221;4.25.1&#8243; _module_preset=&#8221;default&#8221; global_colors_info=&#8221;{}&#8221;][\/et_pb_column][\/et_pb_row][\/et_pb_section][et_pb_section fb_built=&#8221;1&#8243; disabled_on=&#8221;on|on|on&#8221; admin_label=&#8221;Call to Action&#8221; _builder_version=&#8221;4.27.4&#8243; _module_preset=&#8221;8943c6f2-146f-4f91-ab35-d42448fd635c&#8221; use_background_color_gradient=&#8221;on&#8221; background_color_gradient_type=&#8221;circular&#8221; background_color_gradient_direction_radial=&#8221;top left&#8221; background_color_gradient_stops=&#8221;gcid-2352d280-fe84-43b1-a71e-f400c35a526a 20%|rgba(255,255,255,0) 100%&#8221; background_color_gradient_overlays_image=&#8221;on&#8221; background_image=&#8221;http:\/\/festiwalove.com\/wp-content\/uploads\/2026\/04\/non-profit-01.jpg&#8221; parallax=&#8221;on&#8221; custom_margin=&#8221;||||false&#8221; custom_padding=&#8221;8vw||8vw||true|false&#8221; disabled=&#8221;on&#8221; collapsed=&#8221;on&#8221; global_colors_info=&#8221;{%22gcid-2352d280-fe84-43b1-a71e-f400c35a526a%22:%91%22background_color_gradient_stops%22%93}&#8221;][et_pb_row column_structure=&#8221;3_4,1_4&#8243; _builder_version=&#8221;4.25.2&#8243; _module_preset=&#8221;default&#8221; global_colors_info=&#8221;{}&#8221;][et_pb_column type=&#8221;3_4&#8243; _builder_version=&#8221;4.25.1&#8243; _module_preset=&#8221;default&#8221; global_colors_info=&#8221;{}&#8221;][et_pb_heading title=&#8221;Our Coral Reef Restoration project aims to revitalize degraded coral reefs in Miami through a combination of coral transplantation, artificial reef structures, &#038; community involvement.&#8221; _builder_version=&#8221;4.25.2&#8243; _module_preset=&#8221;bb219abb-4d8b-41ef-aee8-fd6a76ff95ad&#8221; title_text_color=&#8221;#FFFFFF&#8221; global_colors_info=&#8221;{}&#8221;][\/et_pb_heading][et_pb_button button_text=&#8221;Donate Now&#8221; _builder_version=&#8221;4.25.1&#8243; _module_preset=&#8221;19e9f94c-375e-4e65-a5cd-7f6f2c28aaf3&#8243; global_colors_info=&#8221;{}&#8221;][\/et_pb_button][\/et_pb_column][et_pb_column type=&#8221;1_4&#8243; _builder_version=&#8221;4.25.1&#8243; _module_preset=&#8221;default&#8221; global_colors_info=&#8221;{}&#8221;][\/et_pb_column][\/et_pb_row][\/et_pb_section][et_pb_section fb_built=&#8221;1&#8243; specialty=&#8221;on&#8221; disabled_on=&#8221;on|on|on&#8221; admin_label=&#8221;How You Can Help&#8221; _builder_version=&#8221;4.27.4&#8243; _module_preset=&#8221;default&#8221; disabled=&#8221;on&#8221; collapsed=&#8221;on&#8221; global_colors_info=&#8221;{}&#8221;][et_pb_column type=&#8221;1_2&#8243; _builder_version=&#8221;4.16&#8243; _module_preset=&#8221;default&#8221; custom_padding=&#8221;|||&#8221; global_colors_info=&#8221;{}&#8221; custom_padding__hover=&#8221;|||&#8221;][et_pb_heading title=&#8221;How You Can Help&#8221; _builder_version=&#8221;4.25.2&#8243; _module_preset=&#8221;56f43855-4081-49ad-88b2-1be1b1e181bf&#8221; title_text_color=&#8221;gcid-1f1b4e15-7cc6-4e13-8154-74d77a956460&#8243; custom_margin=&#8221;||0px||false|false&#8221; locked=&#8221;off&#8221; global_colors_info=&#8221;{%22gcid-1f1b4e15-7cc6-4e13-8154-74d77a956460%22:%91%22title_text_color%22%93}&#8221;][\/et_pb_heading][et_pb_heading title=&#8221;Getting Involved&#8221; _builder_version=&#8221;4.25.1&#8243; _module_preset=&#8221;10bd0bee-4b02-4d4d-a4e0-3baa71c534f9&#8243; global_colors_info=&#8221;{}&#8221;][\/et_pb_heading][et_pb_blurb title=&#8221;Join the Team&#8221; use_icon=&#8221;on&#8221; font_icon=&#8221;&#x52;||divi||400&#8243; _builder_version=&#8221;4.25.1&#8243; _module_preset=&#8221;b0c2ec29-54be-442e-8ba5-32ddbaf13929&#8243; header_font=&#8221;Urbanist|&#8211;et_global_heading_font_weight|||||||&#8221; header_font_size_tablet=&#8221;&#8221; header_font_size_phone=&#8221;&#8221; header_font_size_last_edited=&#8221;on|phone&#8221; global_colors_info=&#8221;{%22gcid-1f1b4e15-7cc6-4e13-8154-74d77a956460%22:%91%22icon_color%22%93}&#8221;]<\/p>\n<p>Cultivating resilient coral species in nurseries and transplanting them onto damaged.<\/p>\n<p>[\/et_pb_blurb][et_pb_blurb title=&#8221;Become a Volunteer&#8221; use_icon=&#8221;on&#8221; font_icon=&#8221;&#x52;||divi||400&#8243; _builder_version=&#8221;4.25.1&#8243; _module_preset=&#8221;b0c2ec29-54be-442e-8ba5-32ddbaf13929&#8243; global_colors_info=&#8221;{}&#8221;]<\/p>\n<p>Installing artificial reef structures to provide habitat for marine life and enhance the resilience.<\/p>\n<p>[\/et_pb_blurb][et_pb_blurb title=&#8221;Make a Donation&#8221; use_icon=&#8221;on&#8221; font_icon=&#8221;&#x52;||divi||400&#8243; _builder_version=&#8221;4.25.1&#8243; _module_preset=&#8221;b0c2ec29-54be-442e-8ba5-32ddbaf13929&#8243; global_colors_info=&#8221;{}&#8221;]<\/p>\n<p>Installing artificial reef structures to provide habitat for marine life and enhance the resilience.<\/p>\n<p>[\/et_pb_blurb][et_pb_button button_text=&#8221;Learn mOre&#8221; _builder_version=&#8221;4.25.1&#8243; _module_preset=&#8221;19e9f94c-375e-4e65-a5cd-7f6f2c28aaf3&#8243; global_colors_info=&#8221;{}&#8221;][\/et_pb_button][\/et_pb_column][et_pb_column type=&#8221;1_2&#8243; specialty_columns=&#8221;2&#8243; _builder_version=&#8221;4.16&#8243; _module_preset=&#8221;default&#8221; custom_padding=&#8221;|||&#8221; global_colors_info=&#8221;{}&#8221; custom_padding__hover=&#8221;|||&#8221;][et_pb_row_inner column_structure=&#8221;1_2,1_2&#8243; use_custom_gutter=&#8221;on&#8221; gutter_width=&#8221;2&#8243; _builder_version=&#8221;4.25.1&#8243; _module_preset=&#8221;default&#8221; global_colors_info=&#8221;{}&#8221;][et_pb_column_inner type=&#8221;1_2&#8243; saved_specialty_column_type=&#8221;1_2&#8243; _builder_version=&#8221;4.25.1&#8243; _module_preset=&#8221;default&#8221; global_colors_info=&#8221;{}&#8221;][et_pb_image src=&#8221;http:\/\/festiwalove.com\/wp-content\/uploads\/2026\/04\/non-profit-10.jpg&#8221; title_text=&#8221;non-profit-10&#8243; _builder_version=&#8221;4.25.2&#8243; _module_preset=&#8221;0bea185d-9ae7-48f1-aa53-f4021ac7d616&#8243; global_colors_info=&#8221;{}&#8221;][\/et_pb_image][et_pb_image src=&#8221;http:\/\/festiwalove.com\/wp-content\/uploads\/2026\/04\/non-profit-05.jpg&#8221; title_text=&#8221;non-profit-05&#8243; _builder_version=&#8221;4.25.2&#8243; _module_preset=&#8221;0bea185d-9ae7-48f1-aa53-f4021ac7d616&#8243; custom_margin=&#8221;30px||||false|false&#8221; custom_margin_last_edited=&#8221;off|phone&#8221; global_colors_info=&#8221;{}&#8221;][\/et_pb_image][\/et_pb_column_inner][et_pb_column_inner type=&#8221;1_2&#8243; saved_specialty_column_type=&#8221;1_2&#8243; _builder_version=&#8221;4.25.1&#8243; _module_preset=&#8221;default&#8221; global_colors_info=&#8221;{}&#8221;][et_pb_image src=&#8221;http:\/\/festiwalove.com\/wp-content\/uploads\/2026\/04\/non-profit-09.jpg&#8221; title_text=&#8221;non-profit-09&#8243; _builder_version=&#8221;4.25.2&#8243; _module_preset=&#8221;0bea185d-9ae7-48f1-aa53-f4021ac7d616&#8243; locked=&#8221;off&#8221; global_colors_info=&#8221;{}&#8221;][\/et_pb_image][et_pb_image src=&#8221;http:\/\/festiwalove.com\/wp-content\/uploads\/2026\/04\/non-profit-04.jpg&#8221; title_text=&#8221;non-profit-04&#8243; _builder_version=&#8221;4.25.2&#8243; _module_preset=&#8221;0bea185d-9ae7-48f1-aa53-f4021ac7d616&#8243; custom_margin=&#8221;30px||||false|false&#8221; locked=&#8221;off&#8221; global_colors_info=&#8221;{}&#8221;][\/et_pb_image][\/et_pb_column_inner][\/et_pb_row_inner][\/et_pb_column][\/et_pb_section][et_pb_section fb_built=&#8221;1&#8243; admin_label=&#8221;Footer&#8221; _builder_version=&#8221;4.25.2&#8243; _module_preset=&#8221;b205c685-c50a-4b6b-8c8c-af40f9469ccb&#8221; saved_tabs=&#8221;all&#8221; locked=&#8221;off&#8221; collapsed=&#8221;on&#8221; global_colors_info=&#8221;{}&#8221;][et_pb_row column_structure=&#8221;1_2,1_2&#8243; _builder_version=&#8221;4.27.4&#8243; _module_preset=&#8221;default&#8221; max_width=&#8221;1195px&#8221; hover_enabled=&#8221;0&#8243; locked=&#8221;off&#8221; global_colors_info=&#8221;{}&#8221; sticky_enabled=&#8221;0&#8243;][et_pb_column type=&#8221;1_2&#8243; _builder_version=&#8221;4.25.1&#8243; _module_preset=&#8221;default&#8221; global_colors_info=&#8221;{}&#8221;][et_pb_signup mailchimp_list=&#8221;undefined|undefined|&#8221; name_field=&#8221;on&#8221; title=&#8221;Zapisz si\u0119 do Newslettera i b\u0105d\u017a na bie\u017c\u0105co&#8221; button_text=&#8221;Zapisuje si\u0119&#8221; _builder_version=&#8221;4.27.4&#8243; _module_preset=&#8221;39795f02-1412-4d72-b5d0-70d1b5acea1d&#8221; header_font_size=&#8221;49px&#8221; hover_enabled=&#8221;0&#8243; global_colors_info=&#8221;{}&#8221; sticky_enabled=&#8221;0&#8243;][\/et_pb_signup][\/et_pb_column][et_pb_column type=&#8221;1_2&#8243; _builder_version=&#8221;4.25.1&#8243; _module_preset=&#8221;default&#8221; global_colors_info=&#8221;{}&#8221;][et_pb_image src=&#8221;http:\/\/festiwalove.com\/wp-content\/uploads\/2026\/03\/festiwalove-organizator-jarmarkow-i-festiwali.png&#8221; title_text=&#8221;festiwalove &#8211; organizator jarmark\u00f3w i festiwali&#8221; url=&#8221;@ET-DC@eyJkeW5hbWljIjp0cnVlLCJjb250ZW50IjoiaG9tZV91cmwiLCJzZXR0aW5ncyI6e319@&#8221; _builder_version=&#8221;4.27.4&#8243; _dynamic_attributes=&#8221;url&#8221; _module_preset=&#8221;default&#8221; max_height=&#8221;198px&#8221; custom_margin=&#8221;||20px||false|false&#8221; global_colors_info=&#8221;{}&#8221;][\/et_pb_image][et_pb_heading title=&#8221;Najbli\u017csze wydarzenia&#8221; _builder_version=&#8221;4.27.4&#8243; _module_preset=&#8221;ae843d97-4416-42ce-b875-2abcc10f7b8f&#8221; title_text_color=&#8221;#FFFFFF&#8221; custom_margin=&#8221;||8px||false|false&#8221; locked=&#8221;off&#8221; global_colors_info=&#8221;{}&#8221;][\/et_pb_heading][et_pb_text _builder_version=&#8221;4.27.4&#8243; _module_preset=&#8221;5d6eda4a-2278-4263-8820-29ce576e9139&#8243; custom_margin=&#8221;||8px||false|false&#8221; locked=&#8221;off&#8221; global_colors_info=&#8221;{}&#8221;]<a href=\"https:\/\/www.facebook.com\/events\/1642406230009829?acontext=%7B%22event_action_history%22%3A[%7B%22mechanism%22%3A%22attachment%22%2C%22surface%22%3A%22newsfeed%22%7D]%2C%22ref_notif_type%22%3Anull%7D\">Wielka Maj\u00f3wka Sieradz<\/a>[\/et_pb_text][et_pb_button button_text=&#8221;Do\u0142\u0105cz jako wystawca&#8221; _builder_version=&#8221;4.27.4&#8243; _module_preset=&#8221;d343f09e-5ac5-4e12-b260-4b67c5e8aecc&#8221; custom_margin=&#8221;7px||16px||false|false&#8221; custom_padding=&#8221;10px|40px|10px|27px|true|false&#8221; hover_enabled=&#8221;0&#8243; global_colors_info=&#8221;{}&#8221; sticky_enabled=&#8221;0&#8243; button_text_color=&#8221;#FFFFFF&#8221; button_text_size=&#8221;13px&#8221; button_bg_color=&#8221;#ff8c00&#8243; button_border_width=&#8221;0px&#8221;][\/et_pb_button][\/et_pb_column][\/et_pb_row][\/et_pb_section]<\/p>\n","protected":false},"excerpt":{"rendered":"<p>O nas Festiwalove to marka zrodzona z pasji do tworzenia wydarze\u0144, kt\u00f3re o\u017cywiaj\u0105 przestrzenie miejskie i zbli\u017caj\u0105 ludzi. Fundamentem naszej dzia\u0142alno\u015bci jest mi\u0142o\u015b\u0107 do kultury, sztuki i spotka\u0144 \u2013 tych prawdziwych, pe\u0142nych emocji, rozm\u00f3w i wsp\u00f3lnie prze\u017cywanych chwil. Specjalizujemy si\u0119 w organizacji wydarze\u0144 plenerowych o charakterze kulturalnym, rozrywkowym i spo\u0142ecznym. Tworzymy festiwale, pikniki, jarmarki, wydarzenia [&hellip;]<\/p>\n","protected":false},"author":1,"featured_media":0,"parent":0,"menu_order":0,"comment_status":"closed","ping_status":"closed","template":"","meta":{"_et_pb_use_builder":"on","_et_pb_old_content":"","_et_gb_content_width":"","footnotes":""},"class_list":["post-6","page","type-page","status-publish","hentry"],"_links":{"self":[{"href":"https:\/\/festiwalove.com\/index.php?rest_route=\/wp\/v2\/pages\/6","targetHints":{"allow":["GET"]}}],"collection":[{"href":"https:\/\/festiwalove.com\/index.php?rest_route=\/wp\/v2\/pages"}],"about":[{"href":"https:\/\/festiwalove.com\/index.php?rest_route=\/wp\/v2\/types\/page"}],"author":[{"embeddable":true,"href":"https:\/\/festiwalove.com\/index.php?rest_route=\/wp\/v2\/users\/1"}],"replies":[{"embeddable":true,"href":"https:\/\/festiwalove.com\/index.php?rest_route=%2Fwp%2Fv2%2Fcomments&post=6"}],"version-history":[{"count":11,"href":"https:\/\/festiwalove.com\/index.php?rest_route=\/wp\/v2\/pages\/6\/revisions"}],"predecessor-version":[{"id":158,"href":"https:\/\/festiwalove.com\/index.php?rest_route=\/wp\/v2\/pages\/6\/revisions\/158"}],"wp:attachment":[{"href":"https:\/\/festiwalove.com\/index.php?rest_route=%2Fwp%2Fv2%2Fmedia&parent=6"}],"curies":[{"name":"wp","href":"https:\/\/api.w.org\/{rel}","templated":true}]}}